{"id":489,"date":"2022-03-29T10:17:51","date_gmt":"2022-03-29T10:17:51","guid":{"rendered":"https:\/\/greenfieldpv.com\/?page_id=489"},"modified":"2023-02-07T11:12:16","modified_gmt":"2023-02-07T11:12:16","slug":"politica-de-privacidad","status":"publish","type":"page","link":"https:\/\/greenfieldpv.com\/en\/politica-de-privacidad\/","title":{"rendered":"Privacy Policy"},"content":{"rendered":"<div data-elementor-type=\"wp-page\" data-elementor-id=\"489\" class=\"elementor elementor-489\">\n\t\t\t\t\t\t\t\t\t<section class=\"elementor-section elementor-top-section elementor-element elementor-element-7177751 elementor-section-height-min-height elementor-section-boxed elementor-section-height-default elementor-section-items-middle\" data-id=\"7177751\" data-element_type=\"section\" data-settings=\"{&quot;background_background&quot;:&quot;classic&quot;}\">\n\t\t\t\t\t\t<div class=\"elementor-container elementor-column-gap-default\">\n\t\t\t\t\t<div class=\"elementor-column elementor-col-100 elementor-top-column elementor-element elementor-element-6603e52\" data-id=\"6603e52\" data-element_type=\"column\">\n\t\t\t<div class=\"elementor-widget-wrap\">\n\t\t\t\t\t\t\t\t\t<\/div>\n\t\t<\/div>\n\t\t\t\t\t\t\t<\/div>\n\t\t<\/section>\n\t\t\t\t<section class=\"elementor-section elementor-top-section elementor-element elementor-element-2e7b9a7 elementor-section-boxed elementor-section-height-default elementor-section-height-default\" data-id=\"2e7b9a7\" data-element_type=\"section\">\n\t\t\t\t\t\t<div class=\"elementor-container elementor-column-gap-default\">\n\t\t\t\t\t<div class=\"elementor-column elementor-col-100 elementor-top-column elementor-element elementor-element-60afe17\" data-id=\"60afe17\" data-element_type=\"column\">\n\t\t\t<div class=\"elementor-widget-wrap elementor-element-populated\">\n\t\t\t\t\t\t\t\t<div class=\"elementor-element elementor-element-ab3f549 elementor-widget elementor-widget-heading\" data-id=\"ab3f549\" data-element_type=\"widget\" data-widget_type=\"heading.default\">\n\t\t\t\t<div class=\"elementor-widget-container\">\n\t\t\t<style>\/*! elementor - v3.13.3 - 28-05-2023 *\/\n.elementor-heading-title{padding:0;margin:0;line-height:1}.elementor-widget-heading .elementor-heading-title[class*=elementor-size-]>a{color:inherit;font-size:inherit;line-height:inherit}.elementor-widget-heading .elementor-heading-title.elementor-size-small{font-size:15px}.elementor-widget-heading .elementor-heading-title.elementor-size-medium{font-size:19px}.elementor-widget-heading .elementor-heading-title.elementor-size-large{font-size:29px}.elementor-widget-heading .elementor-heading-title.elementor-size-xl{font-size:39px}.elementor-widget-heading .elementor-heading-title.elementor-size-xxl{font-size:59px}<\/style><h2 class=\"elementor-heading-title elementor-size-default\">Privacy Policy<\/h2>\t\t<\/div>\n\t\t\t\t<\/div>\n\t\t\t\t<div class=\"elementor-element elementor-element-61713b9 elementor-widget elementor-widget-text-editor\" data-id=\"61713b9\" data-element_type=\"widget\" data-widget_type=\"text-editor.default\">\n\t\t\t\t<div class=\"elementor-widget-container\">\n\t\t\t<style>\/*! elementor - v3.13.3 - 28-05-2023 *\/\n.elementor-widget-text-editor.elementor-drop-cap-view-stacked .elementor-drop-cap{background-color:#69727d;color:#fff}.elementor-widget-text-editor.elementor-drop-cap-view-framed .elementor-drop-cap{color:#69727d;border:3px solid;background-color:transparent}.elementor-widget-text-editor:not(.elementor-drop-cap-view-default) .elementor-drop-cap{margin-top:8px}.elementor-widget-text-editor:not(.elementor-drop-cap-view-default) .elementor-drop-cap-letter{width:1em;height:1em}.elementor-widget-text-editor .elementor-drop-cap{float:left;text-align:center;line-height:1;font-size:50px}.elementor-widget-text-editor .elementor-drop-cap-letter{display:inline-block}<\/style>\t\t\t\t<p>A trav\u00e9s de la presente Pol\u00edtica se informa que los datos personales de los usuarios de los medios en Internet, como p\u00e1ginas web, Redes Sociales, y otros medios, ser\u00e1n tratados de conformidad con los principios de transparencia, limitaci\u00f3n de la finalidad, minimizaci\u00f3n de datos, exactitud, integridad, y confidencialidad, as\u00ed como respetando el resto de obligaciones y garant\u00edas establecidas en el <strong>Reglamento (UE) 2016\/679 del Parlamento Europeo y del Consejo de 27 de abril de 2016<\/strong> relativo a la protecci\u00f3n de las personas f\u00edsicas en lo que respecta al tratamiento de datos personales y a la libre circulaci\u00f3n de estos datos.<br \/>Para ello hemos actualizado nuestra <strong>Privacy Policy<\/strong>, que sustituye a la que anteriormente regulaba el tratamiento de los datos personales, con el objetivo de renovar la confianza del cliente y brindarle una experiencia diferencial satisfactoria.<br \/><strong>Greenfield<\/strong> se reserva el derecho a modificar la presente <strong>Privacy Policy<\/strong>, por lo que se recomienda a los usuarios que visiten los Avisos Legales en cada acceso al sitio Web. El uso de cualquier parte de este sitio Web constituir\u00e1 la aceptaci\u00f3n de tales cambios.<br \/><strong>Greenfield<\/strong>, es la titular del dominio http:\/\/www.greenfieldpv.com\/ y la responsable del tratamiento de datos. La Pol\u00edtica de Privacidad del sitio WEB, es:<br \/><strong>Responsable: GREENFIELD PV S.L.<\/strong> (en adelante <strong>Greenfield<\/strong>)<br \/><strong>Direcci\u00f3n Postal:<\/strong> Calle Leonardo da Vinci n\u00ba 2, Edificio Prodiel, Isla de la Catuja,41092, Sevilla<br \/><strong>C.I.F.: B06820351<\/strong><br \/><strong>Direcci\u00f3n Electr\u00f3nica:<\/strong> info@greenfieldpv.com <br \/>Tel\u00e9fono: +34 954 931 680<br \/>Los datos personales tratados son los directamente proporcionados por el interesado, la persona que es titular de los datos.<br \/>Las categor\u00edas-tipos de los datos que se tratan, son los que se solicitan en los formularios dispuestos para ello, y los datos que voluntariamente se proporcionan por los usuarios en todos aquellos lugares donde sea posible ampliar la informaci\u00f3n en campos de texto libre, o bien enviados por email o por otros medios.<br \/>Los datos tratados solicitados, m\u00e1s los aportados voluntariamente por los usuarios, de manera general ser\u00e1n: <br \/>Identificativos \u2013 DNI-Pasaporte-NIE &#8211; Direcciones postales y\/o electr\u00f3nicas &#8211; Tel\u00e9fonos fijos-m\u00f3viles &#8211; Informaci\u00f3n comercial &#8211; Datos de transacciones &#8211; Datos de medios de pago &#8211; Datos introducidos como preferencias del usuario &#8211; No se tratan datos sensibles o especialmente protegidos, salvo indicaci\u00f3n espec\u00edfica del usuario para atender sus necesidades y\/o preferencias.<\/p><p>En el caso de env\u00edo de CV\u00b4s, los datos tratados ser\u00e1n los incluidos en el documento de formato libre enviado por el interesado. Los CV\u00b4s se descartar\u00e1n despu\u00e9s de un a\u00f1o desde su \u00faltima actualizaci\u00f3n.<\/p><p><b>Greenfield <\/b>desea garantizar su privacidad cuando utilice nuestros servicios, por ello en nuestra Pol\u00edtica de Privacidad se le informar\u00e1 de nuestra pol\u00edtica de protecci\u00f3n de datos personales y as\u00ed podr\u00e1 decidir voluntariamente en qu\u00e9 grado desea proporcionarlos.<br \/>Los datos de car\u00e1cter personal solicitados en los formularios dispuestos al efecto, por medio de correo electr\u00f3nico, o los datos personales que Ud incluya en sus comunicaciones por otros medios, servir\u00e1n para gestionar la relaci\u00f3n espec\u00edfica que en dichos medios se establece, con las finalidades expl\u00edcitas y concretas que se incluyen en dichos medios, para gestionar la relaci\u00f3n contractual, negocial o de otros tipos, los servicios solicitados, enviarle la informaci\u00f3n solicitada, gestionar las facturaciones, resolver incidencias, inscribirle en los servicios, eventos, actos, as\u00ed como para la gesti\u00f3n y control de los mismos, y para responder a las consultas, sugerencias, e incidencias que se solicitan o plantean. <br \/>Se podr\u00e1n elaborar\u00e1n perfiles o segmentaciones con la finalidad de atender mejor sus preferencias y poder mejorar nuestros servicios. En ning\u00fan caso se tomar\u00e1n decisiones automatizadas sobre los datos tratados.<br \/>En caso de que nos haya proporcionado su direcci\u00f3n electr\u00f3nica, email, y\/o su ID-identificaci\u00f3n de mensajer\u00eda electr\u00f3nica, Ud autoriza expresamente la remisi\u00f3n de comunicaciones electr\u00f3nicas para informarle y contestarle sobre todo lo relacionado con su comunicaci\u00f3n y con la relaci\u00f3n establecida, y tambi\u00e9n sobre actos, eventos, o promociones que realice <b>Greenfield <\/b>que est\u00e9n relacionados con su comunicaci\u00f3n. En todos los env\u00edos que reciba se le dar\u00e1 la posibilidad de darse de baja de la lista de distribuci\u00f3n, adem\u00e1s, en cualquier momento puede darse de baja remiti\u00e9ndonos un e-mail a info@greenfieldpv.com <br \/>Sus datos podr\u00e1n ser comunicados a otras empresas, entidades, instituciones p\u00fablicas o privadas, con la \u00fanica finalidad y exclusivamente en aquellos casos que sean necesarios para la correcta prestaci\u00f3n del servicio, consulta, o gesti\u00f3n de la relaci\u00f3n establecida.<br \/>En el supuesto de que aporte sus datos a trav\u00e9s de un mensaje de correo electr\u00f3nico, el mismo formar\u00e1 parte de un tratamiento cuya finalidad ser\u00e1 la gesti\u00f3n de la solicitud, sugerencia, o comentario que nos realiza.<br \/>Los datos se conservar\u00e1n mientras se mantenga activa la relaci\u00f3n o no se solicite su cancelaci\u00f3n, se conservar\u00e1n al menos durante un plazo de al menos <b>10 a\u00f1os<\/b> desde la \u00faltima interacci\u00f3n, as\u00ed como durante los plazos legales preceptivos de acuerdo a la normativa espec\u00edfica que les sea aplicable.<\/p><p>El tratamiento de sus datos se efect\u00faa al amparo del inter\u00e9s leg\u00edtimo del responsable de la p\u00e1gina web, por lo dispuesto en la normativa vigente, de la Constituci\u00f3n Espa\u00f1ola, y de las leyes que la desarrollan como una econom\u00eda libre de mercado.<\/p><p>Asimismo, el haber proporcionado los datos voluntariamente legitima su tratamiento para las finalidades que han sido informadas.<\/p><p>Reconocemos y protegemos su derecho a la Privacidad y a la Protecci\u00f3n de sus Datos personales, por lo que Ud. podr\u00e1 ejercer sus derechos en relaci\u00f3n a este tratamiento en las formas indicadas en el ep\u00edgrafe \u201c<b>Derechos del Interesado<\/b>\u201d.<\/p><p>El tratamiento de sus datos se efect\u00faa al amparo del consentimiento otorgado, libre, expl\u00edcito, informado, y espec\u00edfico.<\/p><p>Con la navegaci\u00f3n en nuestras p\u00e1ginas, por la aceptaci\u00f3n de las cookies, o por haber seguido navegando despu\u00e9s de ser informado de las cookies, al completar los formularios, y\/o enviado un email, o enviada una comunicaci\u00f3n por otros medios, Ud. consiente expresamente el tratamiento de los datos para las finalidades expuestas en la presente pol\u00edtica de privacidad.<\/p>\t\t\t\t\t\t<\/div>\n\t\t\t\t<\/div>\n\t\t\t\t<div class=\"elementor-element elementor-element-234b059 elementor-widget elementor-widget-text-editor\" data-id=\"234b059\" data-element_type=\"widget\" data-widget_type=\"text-editor.default\">\n\t\t\t\t<div class=\"elementor-widget-container\">\n\t\t\t\t\t\t\t<p><b>Derechos del Interesado<\/b><br \/>Los Interesados tienen derecho a conocer que en <b>Greenfield <\/b>tratamos sus datos de acuerdo a las finalidades especificadas en la Pol\u00edtica de Privacidad y Protecci\u00f3n de Datos de la que este ep\u00edgrafe forma parte.<br \/>Tiene derecho a acceder a sus datos personales, y a rectificarlos si fueran inexactos.<br \/>Tiene derecho a solicitar la supresi\u00f3n de los mismos cuando, ente otros motivos, los datos ya no sean necesarios para la finalidad por la que fueron recabados.<br \/>En determinadas circunstancias, los Interesados podr\u00e1n solicitar la limitaci\u00f3n del tratamiento de sus datos, los cuales ser\u00e1n conservados \u00fanicamente para el ejercicio del derecho de defensa ante reclamaciones y\/o litigios, y durante los plazos legales exigibles para su conservaci\u00f3n.<br \/>En determinadas circunstancias, los Interesados podr\u00e1n oponerse al tratamiento de sus datos. La entidad <b>Greenfield <\/b>dejar\u00e1 de tratar sus datos, con las \u00fanicas excepciones de motivos leg\u00edtimos, por motivos hist\u00f3ricos, art\u00edsticos, o de investigaci\u00f3n, para la defensa ante reclamaciones, o por lo previsto en la normativa vigente.<br \/>Para ejercer los derechos reconocidos en la normativa vigente, el interesado deber\u00e1 efectuar una comunicaci\u00f3n a la direcci\u00f3n arriba expuesta al inicio, indicando el derecho que quiere ejercer, adjuntando copia de un documento que lo identifique, DNI o Pasaporte, u otro documento que lo identifique fehacientemente.<br \/>Asimismo, tiene derecho a efectuar las consultas o reclamaciones que considere oportunas ante la Agencia Espa\u00f1ola de Protecci\u00f3n de Datos (AEPD), domicilio en la calle Jorge Juan, n\u00ba6, 28001 Madrid, y tel\u00e9fono 901 100 099.<\/p>\t\t\t\t\t\t<\/div>\n\t\t\t\t<\/div>\n\t\t\t\t<div class=\"elementor-element elementor-element-cf7c538 elementor-widget elementor-widget-text-editor\" data-id=\"cf7c538\" data-element_type=\"widget\" data-widget_type=\"text-editor.default\">\n\t\t\t\t<div class=\"elementor-widget-container\">\n\t\t\t\t\t\t\t<p><strong>Cookies.<\/strong> <br \/><strong>Greenfield<\/strong> hace uso de \u00abcookies\u00bb durante la navegaci\u00f3n del usuario con la intenci\u00f3n de poder ofrecer un mejor servicio. En ning\u00fan caso estos elementos servir\u00e1n para identificar a una persona concreta ya que su uso ser\u00e1 meramente t\u00e9cnico, con la excepci\u00f3n de las cookies necesarias para la correcta ejecuci\u00f3n de las transacciones solicitadas por un usuario concreto como pueden ser las reservas, para mantener el registro de usuarios, y para el mantenimiento de las sesiones de usuario. <br \/>Las cookies tienen como finalidad general ofrecer un mejor servicio a los usuarios, y permitir durante la sesi\u00f3n la realizaci\u00f3n y correcta utilizaci\u00f3n de todos y cada uno de los contenidos disponibles en la web http:\/\/www.greenfieldpv.com\/. El usuario puede deshabilitar las cookies a trav\u00e9s de las opciones de su navegador.<br \/>Para conocer m\u00e1s sobre el uso de cookies en la p\u00e1gina web puede consultar nuestra \u201c<a href=\"#\">Cookies Policy<\/a>\u201d.<br \/><strong>Las Pol\u00edticas de Privacidad especificas de determinados tratamientos se exponen a continuaci\u00f3n como extensiones espec\u00edficas de la Pol\u00edtica de Privacidad Web de Greenfield:<\/strong><\/p>\t\t\t\t\t\t<\/div>\n\t\t\t\t<\/div>\n\t\t\t\t<div class=\"elementor-element elementor-element-d67d22c elementor-widget elementor-widget-text-editor\" data-id=\"d67d22c\" data-element_type=\"widget\" data-widget_type=\"text-editor.default\">\n\t\t\t\t<div class=\"elementor-widget-container\">\n\t\t\t\t\t\t\t<p><strong>Pol\u00edtica de Privacidad \u201cSelecci\u00f3n Personal\u201d<\/strong><br \/>Le informamos que los datos que Ud. nos proporciona en los CV\u00b4s ser\u00e1n tratados con la finalidad de llevar a cabo procesos de selecci\u00f3n de candidatos para puestos de trabajo<\/p><p>Los CV\u00b4s se descartar\u00e1n despu\u00e9s de un a\u00f1o desde su \u00faltima actualizaci\u00f3n. Si desea que permanezca activo deber\u00e1 actualizarlo antes de cumplirse el plazo.<\/p><p>Si desea ejercitar los derechos que le asisten respecto a dichas sociedades cesionarias, remita una comunicaci\u00f3n escrita a la direcci\u00f3n de las mismas, con la referencia \u201c<strong>Protecci\u00f3n de Datos-Selecci\u00f3n de Personal<\/strong>\u201d, adjuntando copia de su Documento Nacional de Identidad o documento equivalente.<\/p>\t\t\t\t\t\t<\/div>\n\t\t\t\t<\/div>\n\t\t\t\t<div class=\"elementor-element elementor-element-9a172b0 elementor-widget elementor-widget-text-editor\" data-id=\"9a172b0\" data-element_type=\"widget\" data-widget_type=\"text-editor.default\">\n\t\t\t\t<div class=\"elementor-widget-container\">\n\t\t\t\t\t\t\t<p><strong>Pol\u00edtica de Privacidad \u201cNewsletter\u201d<\/strong><br \/>En caso de que PRODIEL ponga en marcha una \u201cNewsletter\u201d, y desee suscribirse a la misma, queda informado que los datos que nos proporcione, formar\u00e1n parte de un tratamiento de datos de car\u00e1cter personal, responsabilidad de <strong>Greenfield<\/strong> con la finalidad de remitirle boletines con informaci\u00f3n comercial y publicidad sobre nuestros productos y servicios por medios los electr\u00f3nicos. Para ejercitar los derechos que le asisten dirija una comunicaci\u00f3n escrita a la direcci\u00f3n indicada anteriormente, con la referencia \u201c<strong>Protecci\u00f3n de Datos<\/strong>\u201d adjuntando copia de su Documento Nacional de Identidad o documento equivalente.<\/p>\t\t\t\t\t\t<\/div>\n\t\t\t\t<\/div>\n\t\t\t\t<div class=\"elementor-element elementor-element-bb0cab3 elementor-widget elementor-widget-text-editor\" data-id=\"bb0cab3\" data-element_type=\"widget\" data-widget_type=\"text-editor.default\">\n\t\t\t\t<div class=\"elementor-widget-container\">\n\t\t\t\t\t\t\t<p><strong>Copyright \u00a9 2018 \u2013 GREENFIELD PV S.L.<\/strong> Reservados todos los derechos de autor por las leyes y tratados internacionales de propiedad intelectual. Queda expresamente prohibida su copia, reproducci\u00f3n o difusi\u00f3n, total o parcial, por cualquier medio.<\/p>\t\t\t\t\t\t<\/div>\n\t\t\t\t<\/div>\n\t\t\t\t\t<\/div>\n\t\t<\/div>\n\t\t\t\t\t\t\t<\/div>\n\t\t<\/section>\n\t\t\t\t\t\t\t<\/div>","protected":false},"excerpt":{"rendered":"<p>Pol\u00edtica de Privacidad A trav\u00e9s de la presente Pol\u00edtica se informa que los datos personales de los usuarios de los medios en Internet, como p\u00e1ginas web, Redes Sociales, y otros medios, ser\u00e1n tratados de conformidad con los principios de transparencia, limitaci\u00f3n de la finalidad, minimizaci\u00f3n de datos, exactitud, integridad, y confidencialidad, as\u00ed como respetando el [&hellip;]<\/p>","protected":false},"author":1,"featured_media":0,"parent":0,"menu_order":0,"comment_status":"closed","ping_status":"closed","template":"","meta":{"footnotes":""},"class_list":["post-489","page","type-page","status-publish","hentry"],"_links":{"self":[{"href":"https:\/\/greenfieldpv.com\/en\/wp-json\/wp\/v2\/pages\/489","targetHints":{"allow":["GET"]}}],"collection":[{"href":"https:\/\/greenfieldpv.com\/en\/wp-json\/wp\/v2\/pages"}],"about":[{"href":"https:\/\/greenfieldpv.com\/en\/wp-json\/wp\/v2\/types\/page"}],"author":[{"embeddable":true,"href":"https:\/\/greenfieldpv.com\/en\/wp-json\/wp\/v2\/users\/1"}],"replies":[{"embeddable":true,"href":"https:\/\/greenfieldpv.com\/en\/wp-json\/wp\/v2\/comments?post=489"}],"version-history":[{"count":10,"href":"https:\/\/greenfieldpv.com\/en\/wp-json\/wp\/v2\/pages\/489\/revisions"}],"predecessor-version":[{"id":513,"href":"https:\/\/greenfieldpv.com\/en\/wp-json\/wp\/v2\/pages\/489\/revisions\/513"}],"wp:attachment":[{"href":"https:\/\/greenfieldpv.com\/en\/wp-json\/wp\/v2\/media?parent=489"}],"curies":[{"name":"wp","href":"https:\/\/api.w.org\/{rel}","templated":true}]}}